{"id":14,"date":"2023-08-07T13:35:30","date_gmt":"2023-08-07T11:35:30","guid":{"rendered":"https:\/\/website-relaunch.zaac.de\/?page_id=14"},"modified":"2023-12-01T11:58:09","modified_gmt":"2023-12-01T10:58:09","slug":"training","status":"publish","type":"page","link":"https:\/\/zaac.de\/en\/training\/","title":{"rendered":"Training"},"content":{"rendered":"<p>[et_pb_section fb_built=&#8220;1&#8243; disabled_on=&#8220;off|off|off&#8220; admin_label=&#8220;Buntes_Men\u00fc&#8220; _builder_version=&#8220;4.22.2&#8243; _module_preset=&#8220;default&#8220; custom_margin=&#8220;0px||0px||false|false&#8220; custom_padding=&#8220;0px||0px||false|false&#8220; collapsed=&#8220;off&#8220; global_colors_info=&#8220;{}&#8220;][et_pb_row use_custom_gutter=&#8220;on&#8220; gutter_width=&#8220;1&#8243; make_equal=&#8220;on&#8220; admin_label=&#8220;Zeile&#8220; _builder_version=&#8220;4.22.2&#8243; _module_preset=&#8220;default&#8220; width_tablet=&#8220;90%&#8220; width_phone=&#8220;90%&#8220; width_last_edited=&#8220;on|tablet&#8220; custom_margin=&#8220;0px||0px||false|false&#8220; custom_padding=&#8220;0px|0px|0px|0px|false|false&#8220; global_colors_info=&#8220;{}&#8220;][et_pb_column type=&#8220;4_4&#8243; _builder_version=&#8220;4.22.1&#8243; _module_preset=&#8220;default&#8220; custom_padding=&#8220;0px|0px|0px|0px|false|false&#8220; global_colors_info=&#8220;{}&#8220;][et_pb_text _builder_version=&#8220;4.22.1&#8243; _dynamic_attributes=&#8220;link_option_url&#8220; _module_preset=&#8220;default&#8220; text_font=&#8220;|600|||||||&#8220; text_font_size=&#8220;15px&#8220; background_color=&#8220;#41545c&#8220; text_orientation=&#8220;center&#8220; background_layout=&#8220;dark&#8220; max_width=&#8220;166px&#8220; custom_margin=&#8220;8px||||false|false&#8220; custom_padding=&#8220;5px||5px||true|false&#8220; link_option_url=&#8220;@ET-DC@eyJkeW5hbWljIjp0cnVlLCJjb250ZW50IjoiaG9tZV91cmwiLCJzZXR0aW5ncyI6e319@&#8220; border_width_all=&#8220;2px&#8220; global_colors_info=&#8220;{}&#8220;]<\/p>\n<p>Start<\/p>\n<p>[\/et_pb_text][et_pb_menu menu_id=&#8220;2&#8243; active_link_color=&#8220;#FFFFFF&#8220; module_class=&#8220;lwp-hide-mobile-menu&#8220; _builder_version=&#8220;4.22.2&#8243; _module_preset=&#8220;default&#8220; menu_font=&#8220;|600|||||||&#8220; menu_font_size=&#8220;15px&#8220; background_layout=&#8220;dark&#8220; custom_margin=&#8220;0px|0px|0px|0px|false|false&#8220; custom_padding=&#8220;0px|0px|0px|0px|false|false&#8220; custom_css_active_menu_link=&#8220;font-size: 23px;&#8220; global_colors_info=&#8220;{}&#8220;][\/et_pb_menu][\/et_pb_column][\/et_pb_row][\/et_pb_section][et_pb_section fb_built=&#8220;1&#8243; admin_label=&#8220;Hauptseite_Training&#8220; _builder_version=&#8220;4.21.2&#8243; _module_preset=&#8220;default&#8220; custom_margin=&#8220;0px||0px||false|false&#8220; custom_padding=&#8220;0px||0px||false|false&#8220; global_colors_info=&#8220;{}&#8220;][et_pb_row custom_padding_last_edited=&#8220;on|phone&#8220; _builder_version=&#8220;4.23.1&#8243; _module_preset=&#8220;default&#8220; width_tablet=&#8220;90%&#8220; width_phone=&#8220;100%&#8220; width_last_edited=&#8220;on|phone&#8220; custom_margin=&#8220;0px||||false|false&#8220; custom_margin_tablet=&#8220;0px||||false|false&#8220; custom_margin_phone=&#8220;||0px||false|false&#8220; custom_margin_last_edited=&#8220;on|phone&#8220; custom_padding=&#8220;||18px|||&#8220; custom_padding_tablet=&#8220;||18px|||&#8220; custom_padding_phone=&#8220;20px|20px|0px|20px|false|true&#8220; hover_enabled=&#8220;0&#8243; global_colors_info=&#8220;{}&#8220; custom_margin__hover_enabled=&#8220;off|desktop&#8220; sticky_enabled=&#8220;0&#8243;][et_pb_column type=&#8220;4_4&#8243; _builder_version=&#8220;4.21.2&#8243; _module_preset=&#8220;default&#8220; global_colors_info=&#8220;{}&#8220;][et_pb_text _builder_version=&#8220;4.23.1&#8243; _module_preset=&#8220;default&#8220; header_font=&#8220;|600|||||||&#8220; header_letter_spacing=&#8220;1px&#8220; custom_margin=&#8220;0px||0px||false|false&#8220; custom_padding=&#8220;0px||0px||false|false&#8220; hover_enabled=&#8220;0&#8243; header_font_size_tablet=&#8220;50px&#8220; header_font_size_phone=&#8220;36px&#8220; header_font_size_last_edited=&#8220;on|phone&#8220; global_colors_info=&#8220;{}&#8220; header_font_size=&#8220;50px&#8220; sticky_enabled=&#8220;0&#8243;]<\/p>\n<h1 style=\"text-align: center;\">Training<\/h1>\n<p>[\/et_pb_text][et_pb_text _builder_version=&#8220;4.23.1&#8243; _module_preset=&#8220;default&#8220; header_2_font=&#8220;||||||||&#8220; header_2_font_size=&#8220;33px&#8220; custom_margin=&#8220;0px||0px||false|false&#8220; custom_padding=&#8220;10px||2px||false|false&#8220; hover_enabled=&#8220;0&#8243; text_font_size_tablet=&#8220;&#8220; text_font_size_phone=&#8220;16px&#8220; text_font_size_last_edited=&#8220;on|phone&#8220; text_line_height_tablet=&#8220;&#8220; text_line_height_last_edited=&#8220;on|phone&#8220; header_2_font_size_tablet=&#8220;35px&#8220; header_2_font_size_phone=&#8220;26px&#8220; header_2_font_size_last_edited=&#8220;on|phone&#8220; global_colors_info=&#8220;{}&#8220; sticky_enabled=&#8220;0&#8243; custom_padding_last_edited=&#8220;on|phone&#8220; custom_padding_phone=&#8220;5px||2px||false|false&#8220; content_last_edited=&#8220;on|phone&#8220; content_phone=&#8220;<\/p>\n<h2 class=%22p1%22>Trainingsformate:<\/h2>\n<ul class=%22ul1%22>\n<li>Online-Sitzungen f\u00fcr Einzelpersonen und Gruppen<\/li>\n<li>Schulungstage bei Ihnen vor Ort<\/li>\n<\/ul>\n<p>&#8220; text_line_height_phone=&#8220;&#8220; custom_padding_tablet=&#8220;10px||2px||false|false&#8220; content_tablet=&#8220;<\/p>\n<h2 class=%22p1%22>Trainingsformate:<\/h2>\n<ul class=%22ul2%22>\n<li>Online-Sitzungen f\u00fcr Einzelpersonen und Gruppen<\/li>\n<li>Schulungstage bei Ihnen vor Ort<\/li>\n<\/ul>\n<p>&#8222;]<\/p>\n<h2 class=\"p1\">Trainingsformate:<\/h2>\n<ul class=\"ul2\">\n<li>Online-Sitzungen f\u00fcr Einzelpersonen und Gruppen<\/li>\n<li>Schulungstage bei Ihnen vor Ort<\/li>\n<\/ul>\n<p>[\/et_pb_text][et_pb_text _builder_version=&#8220;4.23.1&#8243; _module_preset=&#8220;default&#8220; header_2_font=&#8220;||||||||&#8220; header_2_font_size=&#8220;33px&#8220; hover_enabled=&#8220;0&#8243; text_font_size_tablet=&#8220;&#8220; text_font_size_phone=&#8220;16px&#8220; text_font_size_last_edited=&#8220;on|phone&#8220; text_line_height_tablet=&#8220;&#8220; text_line_height_phone=&#8220;1.4em&#8220; text_line_height_last_edited=&#8220;on|phone&#8220; header_2_font_size_tablet=&#8220;35px&#8220; header_2_font_size_phone=&#8220;26px&#8220; header_2_font_size_last_edited=&#8220;on|phone&#8220; global_colors_info=&#8220;{}&#8220; text_line_height=&#8220;1.6em&#8220; sticky_enabled=&#8220;0&#8243; content_last_edited=&#8220;on|phone&#8220; content_phone=&#8220;<\/p>\n<h2 class=%22p1%22>Inhalte:<\/h2>\n<p class=%22p1%22>Individuell zusammengestellte Liste von Themen nach Ihren Vorgaben, W\u00fcnschen und Priorit\u00e4ten.<\/p>\n<p class=%22p1%22>F\u00fcr Einsteiger, erfahrene Nutzer und zur Weiterbildung im Bereich Language Engineering (technisches Projektmanagement) und Troubleshooting\/Support.<\/p>\n<p>&#8220; content_tablet=&#8220;<\/p>\n<h2 class=%22p1%22>Inhalte:<\/h2>\n<p class=%22p1%22>Individuell zusammengestellte Liste von Themen nach Ihren Vorgaben, W\u00fcnschen und Priorit\u00e4ten.<br \/>F\u00fcr Einsteiger, erfahrene Nutzer und zur Weiterbildung im Bereich Language Engineering (technisches Projektmanagement) und Troubleshooting\/Support.<\/p>\n<p>&#8222;]<\/p>\n<h2 class=\"p1\">Inhalte:<\/h2>\n<p class=\"p1\">Individuell zusammengestellte Liste von Themen nach Ihren Vorgaben, W\u00fcnschen und Priorit\u00e4ten.<br \/>F\u00fcr Einsteiger, erfahrene Nutzer und zur Weiterbildung im Bereich Language Engineering (technisches Projektmanagement) und Troubleshooting\/Support.<\/p>\n<p>[\/et_pb_text][\/et_pb_column][\/et_pb_row][et_pb_row column_structure=&#8220;3_5,2_5&#8243; use_custom_gutter=&#8220;on&#8220; gutter_width=&#8220;1&#8243; make_equal=&#8220;on&#8220; disabled_on=&#8220;off|off|off&#8220; _builder_version=&#8220;4.23.1&#8243; _module_preset=&#8220;default&#8220; width_tablet=&#8220;&#8220; width_phone=&#8220;90%&#8220; width_last_edited=&#8220;on|tablet&#8220; custom_margin=&#8220;12px|auto||auto|false|false&#8220; custom_margin_tablet=&#8220;20px|auto||auto|false|false&#8220; custom_margin_phone=&#8220;20px|auto||auto|false|false&#8220; custom_margin_last_edited=&#8220;on|phone&#8220; custom_padding=&#8220;0px||0px||false|true&#8220; hover_enabled=&#8220;0&#8243; global_colors_info=&#8220;{}&#8220; sticky_enabled=&#8220;0&#8243;][et_pb_column type=&#8220;3_5&#8243; _builder_version=&#8220;4.21.2&#8243; _module_preset=&#8220;default&#8220; global_colors_info=&#8220;{}&#8220;][et_pb_text content_tablet=&#8220;<\/p>\n<h4 class=%22p1%22>Beispiele:<\/h4>\n<p class=%22p1%22><strong><\/strong><\/p>\n<ul class=%22ul1%22>\n<li><span class=%22s1%22><\/span>Details zu Dateiformaten, Dateivorbereitung und Importeinstellungen f\u00fcr Language Engineers \/ technische Projektmanager<\/li>\n<li><span class=%22s1%22>Umgang mit XML-Dateien und textbasierten Formaten<br \/><\/span><\/li>\n<li><span class=%22s1%22>Einstieg in memoQ und memoQ-Server<\/span><\/li>\n<li><span class=%22s1%22>Einstieg in Trados Studio \/ MultiTerm<\/span><\/li>\n<li data-leveltext=%22\uf0b7%22 data-font=%22Symbol%22 data-listid=%225%22 data-list-defn-props=%22{%22335552541%22:1,%22335559684%22:-2,%22335559685%22:720,%22335559991%22:360,%22469769226%22:%22Symbol%22,%22469769242%22:%918226%93,%22469777803%22:%22left%22,%22469777804%22:%22\uf0b7%22,%22469777815%22:%22hybridMultilevel%22}%22 aria-setsize=%22-1%22 data-aria-posinset=%227%22 data-aria-level=%221%22><span data-contrast=%22auto%22><span>Verwendung von regul\u00e4ren Ausdr\u00fccken <\/span><\/span><span><span data-contrast=%22auto%22><span>(REGEX) <\/span><\/span><\/span><span data-contrast=%22auto%22><span>zum Suchen\/Ersetzen von Texten, <\/span><\/span><span><span data-contrast=%22auto%22><span>Taggen von Platzhaltern<\/span><\/span><\/span><span data-contrast=%22auto%22><span> und Pr\u00fcfen von Dokumenten mit benutzerdefinierten Qualit\u00e4tspr\u00fcfungen<\/span><\/span><span class=%22s1%22><\/span><span class=%22s1%22><\/span><span class=%22s1%22><\/span><\/li>\n<\/ul>\n<p>&#8220; content_phone=&#8220;<\/p>\n<h3 class=%22p1%22>Beispiele:<\/h3>\n<p class=%22p1%22><strong><\/strong><\/p>\n<ul class=%22ul1%22>\n<li><span class=%22s1%22><\/span>Details zu Dateiformaten, Dateivorbereitung und Importeinstellungen f\u00fcr Language Engineers \/ technische Projektmanager<\/li>\n<li><span class=%22s1%22>Umgang mit XML-Dateien und textbasierten Formaten<br \/><\/span><\/li>\n<li><span class=%22s1%22>Einstieg in memoQ und memoQ-Server<\/span><\/li>\n<li><span class=%22s1%22>Einstieg in Trados Studio \/ MultiTerm<\/span><\/li>\n<li data-leveltext=%22\uf0b7%22 data-font=%22Symbol%22 data-listid=%225%22 data-list-defn-props=%22{%22 335552541=%22%22 :1=%22%22 335559684=%22%22 :-2=%22%22 335559685=%22%22 :720=%22%22 335559991=%22%22 :360=%22%22 469769226=%22%22 :=%22%22 symbol=%22%22 469769242=%22%22 8226=%22%22 469777803=%22%22 left=%22%22 469777804=%22%22 469777815=%22%22 hybridmultilevel=%22%22 aria-setsize=%22-1%22 data-aria-posinset=%227%22 data-aria-level=%221%22><span data-contrast=%22auto%22><span>Verwendung von regul\u00e4ren Ausdr\u00fccken <\/span><\/span><span><span data-contrast=%22auto%22><span>(REGEX) <\/span><\/span><\/span><span data-contrast=%22auto%22><span>zum Suchen\/Ersetzen von Texten, <\/span><\/span><span><span data-contrast=%22auto%22><span>Taggen von Platzhaltern<\/span><\/span><\/span><span data-contrast=%22auto%22><span> und Pr\u00fcfen von Dokumenten mit benutzerdefinierten Qualit\u00e4tspr\u00fcfungen<\/span><\/span><span class=%22s1%22><\/span><span class=%22s1%22><\/span><span class=%22s1%22><\/span><\/li>\n<\/ul>\n<p>&#8220; content_last_edited=&#8220;on|phone&#8220; _builder_version=&#8220;4.23.1&#8243; _module_preset=&#8220;default&#8220; header_2_font=&#8220;Roboto_zaac_Standard||||||||&#8220; header_2_font_size=&#8220;33px&#8220; custom_padding=&#8220;||||false|false&#8220; hover_enabled=&#8220;0&#8243; text_font_tablet=&#8220;&#8220; text_font_phone=&#8220;&#8220; text_font_last_edited=&#8220;on|phone&#8220; text_font_size_tablet=&#8220;&#8220; text_font_size_phone=&#8220;16px&#8220; text_font_size_last_edited=&#8220;on|phone&#8220; header_2_font_size_tablet=&#8220;35px&#8220; header_2_font_size_phone=&#8220;26px&#8220; header_2_font_size_last_edited=&#8220;on|phone&#8220; header_3_font_tablet=&#8220;&#8220; header_3_font_phone=&#8220;|600|||||||&#8220; header_3_font_last_edited=&#8220;on|phone&#8220; header_3_font_size_tablet=&#8220;&#8220; header_3_font_size_phone=&#8220;23px&#8220; header_3_font_size_last_edited=&#8220;on|phone&#8220; global_colors_info=&#8220;{}&#8220; sticky_enabled=&#8220;0&#8243; custom_padding_last_edited=&#8220;on|phone&#8220; custom_padding_phone=&#8220;||0px||false|false&#8220; custom_margin_last_edited=&#8220;on|phone&#8220; custom_margin_phone=&#8220;||0px||false|false&#8220; custom_padding_tablet=&#8220;||||false|false&#8220;]<\/p>\n<h2 class=\"p1\">Beispiele:<strong><\/strong><\/h2>\n<ul class=\"ul1\">\n<li><span class=\"s1\"><\/span>Details zu Dateiformaten, Dateivorbereitung und Importeinstellungen f\u00fcr Language Engineers \/ technische Projektmanager<\/li>\n<li><span class=\"s1\">Umgang mit XML-Dateien und textbasierten Formaten<br \/><\/span><\/li>\n<li><span class=\"s1\">Einstieg in memoQ und memoQ-Server<\/span><\/li>\n<li><span class=\"s1\">Einstieg in Trados Studio \/ MultiTerm<\/span><\/li>\n<li><span class=\"s1\">Verwendung von regul\u00e4ren Ausdr\u00fccken (REGEX) zum Suchen\/Ersetzen von Texten, Konvertieren von Platzhaltern in Tags und Pr\u00fcfen von Dokumenten mit benutzerdefinierten Qualit\u00e4tspr\u00fcfungen<\/span><\/li>\n<\/ul>\n<p>[\/et_pb_text][\/et_pb_column][et_pb_column type=&#8220;2_5&#8243; _builder_version=&#8220;4.21.2&#8243; _module_preset=&#8220;default&#8220; global_colors_info=&#8220;{}&#8220;][et_pb_image src=&#8220;https:\/\/zaac.de\/wp-content\/uploads\/2023\/09\/Schulungsthemen-DE.png&#8220; alt=&#8220;zaac Training Schulungsthemen&#8220; title_text=&#8220;zaac Training Schulungsthemen&#8220; _builder_version=&#8220;4.23.1&#8243; _module_preset=&#8220;default&#8220; hover_enabled=&#8220;0&#8243; box_shadow_style=&#8220;preset1&#8243; global_colors_info=&#8220;{}&#8220; src_last_edited=&#8220;on|phone&#8220; custom_padding_last_edited=&#8220;on|phone&#8220; custom_padding_phone=&#8220;10px||0px||false|false&#8220; custom_margin_last_edited=&#8220;on|phone&#8220; custom_margin_phone=&#8220;0px||0px||false|false&#8220; sticky_enabled=&#8220;0&#8243; src_tablet=&#8220;https:\/\/zaac.de\/wp-content\/uploads\/2023\/09\/Schulungsthemen-DE.png&#8220; src_phone=&#8220;https:\/\/zaac.de\/wp-content\/uploads\/2023\/09\/Schulungsthemen-DE.png&#8220;][\/et_pb_image][\/et_pb_column][\/et_pb_row][et_pb_row _builder_version=&#8220;4.23.1&#8243; _module_preset=&#8220;default&#8220; width=&#8220;100%&#8220; custom_padding=&#8220;20px|0px|0px|0px|false|true&#8220; hover_enabled=&#8220;0&#8243; global_colors_info=&#8220;{}&#8220; width_last_edited=&#8220;on|phone&#8220; width_phone=&#8220;90%&#8220; sticky_enabled=&#8220;0&#8243; width_tablet=&#8220;100%&#8220;][et_pb_column type=&#8220;4_4&#8243; _builder_version=&#8220;4.21.2&#8243; _module_preset=&#8220;default&#8220; global_colors_info=&#8220;{}&#8220;][et_pb_text _builder_version=&#8220;4.23.1&#8243; _module_preset=&#8220;default&#8220; header_2_font=&#8220;||||||||&#8220; header_2_font_size=&#8220;33px&#8220; custom_margin=&#8220;||0px||false|false&#8220; custom_padding=&#8220;||2px||false|false&#8220; hover_enabled=&#8220;0&#8243; text_font_size_tablet=&#8220;&#8220; text_font_size_phone=&#8220;16px&#8220; text_font_size_last_edited=&#8220;on|phone&#8220; text_line_height_tablet=&#8220;&#8220; text_line_height_phone=&#8220;1.4em&#8220; text_line_height_last_edited=&#8220;on|phone&#8220; header_2_font_size_tablet=&#8220;35px&#8220; header_2_font_size_phone=&#8220;26px&#8220; header_2_font_size_last_edited=&#8220;on|phone&#8220; global_colors_info=&#8220;{}&#8220; text_line_height=&#8220;1.6em&#8220; sticky_enabled=&#8220;0&#8243;]<\/p>\n<h2 class=\"p1\">Ablauf:<\/h2>\n<p class=\"p1\">Verwendung von allgemeinen Beispieldateien oder kundenspezifischen Materialien (Termlisten, Translation Memories, Dateiformate\u2026).<br \/>Die Teilnehmer erhalten Zeit f\u00fcr \u00dcbungen und k\u00f6nnen jederzeit weiterf\u00fchrende Fragen stellen.<\/p>\n<p class=\"p1\">[\/et_pb_text][et_pb_text _builder_version=&#8220;4.23.1&#8243; _module_preset=&#8220;default&#8220; header_2_font=&#8220;||||||||&#8220; header_2_font_size=&#8220;33px&#8220; custom_margin=&#8220;||0px||false|false&#8220; custom_padding=&#8220;||0px||false|false&#8220; text_font_size_tablet=&#8220;&#8220; text_font_size_phone=&#8220;16px&#8220; text_font_size_last_edited=&#8220;on|phone&#8220; header_2_font_size_tablet=&#8220;33px&#8220; header_2_font_size_phone=&#8220;26px&#8220; header_2_font_size_last_edited=&#8220;on|desktop&#8220; global_colors_info=&#8220;{}&#8220;]<\/p>\n<h2>Preise:<\/h2>\n<p>[\/et_pb_text][et_pb_pricing_tables featured_table_bullet_color=&#8220;#3F3F3F&#8220; bullet_color=&#8220;#3F3F3F&#8220; show_featured_drop_shadow=&#8220;off&#8220; _builder_version=&#8220;4.23.1&#8243; _module_preset=&#8220;default&#8220; header_level=&#8220;h3&#8243; header_font_size=&#8220;22px&#8220; subheader_font=&#8220;||||||||&#8220; subheader_font_size=&#8220;18px&#8220; subheader_letter_spacing=&#8220;1px&#8220; price_font_size=&#8220;55px&#8220; background_color=&#8220;#FFFFFF&#8220; custom_margin=&#8220;||0px||false|false&#8220; custom_padding=&#8220;||10px||false|false&#8220; custom_padding_tablet=&#8220;&#8220; custom_padding_phone=&#8220;10px|0px|5px|0px|false|false&#8220; custom_padding_last_edited=&#8220;on|phone&#8220; hover_enabled=&#8220;0&#8243; custom_css_pricing_content=&#8220;.et_pb_pricing li {||  padding-left: 60px;||  padding-bottom: 10px;||}&#8220; global_colors_info=&#8220;{}&#8220; sticky_enabled=&#8220;0&#8243;][et_pb_pricing_table title=&#8220;Online&#8220; subtitle=&#8220;Einzelperson&#8220; per=&#8220;Std.&#8220; sum=&#8220;95 \u20ac&#8220; header_background_color=&#8220;#41545c&#8220; _builder_version=&#8220;4.22.1&#8243; _module_preset=&#8220;default&#8220; price_text_color=&#8220;#3F3F3F&#8220; header_font_size=&#8220;24px&#8220; subheader_font_size=&#8220;20px&#8220; price_font_size=&#8220;30px&#8220; currency_frequency_text_color=&#8220;#3F3F3F&#8220; currency_frequency_font_size=&#8220;30px&#8220; header_font_size_tablet=&#8220;24px&#8220; header_font_size_phone=&#8220;24px&#8220; header_font_size_last_edited=&#8220;on|phone&#8220; price_font_size_tablet=&#8220;30px&#8220; price_font_size_phone=&#8220;26px&#8220; price_font_size_last_edited=&#8220;on|phone&#8220; price_line_height_tablet=&#8220;&#8220; price_line_height_phone=&#8220;&#8220; price_line_height_last_edited=&#8220;on|phone&#8220; currency_frequency_font_size_tablet=&#8220;30px&#8220; currency_frequency_font_size_phone=&#8220;26px&#8220; currency_frequency_font_size_last_edited=&#8220;on|phone&#8220; border_width_all=&#8220;0px&#8220; global_colors_info=&#8220;{}&#8220; sticky_transition=&#8220;on&#8220;][\/et_pb_pricing_table][et_pb_pricing_table title=&#8220;Online&#8220; subtitle=&#8220;Gruppe&#8220; per=&#8220;Std.&#8220; sum=&#8220;125 \u20ac&#8220; header_background_color=&#8220;#41545c&#8220; _builder_version=&#8220;4.22.1&#8243; _module_preset=&#8220;default&#8220; price_text_color=&#8220;#3F3F3F&#8220; header_font_size=&#8220;24px&#8220; subheader_font_size=&#8220;20px&#8220; price_font_size=&#8220;30px&#8220; currency_frequency_text_color=&#8220;#3F3F3F&#8220; currency_frequency_font_size=&#8220;30px&#8220; header_font_size_tablet=&#8220;24px&#8220; header_font_size_phone=&#8220;24px&#8220; header_font_size_last_edited=&#8220;on|phone&#8220; price_font_size_tablet=&#8220;30px&#8220; price_font_size_phone=&#8220;26px&#8220; price_font_size_last_edited=&#8220;on|phone&#8220; currency_frequency_font_size_tablet=&#8220;30px&#8220; currency_frequency_font_size_phone=&#8220;26px&#8220; currency_frequency_font_size_last_edited=&#8220;on|phone&#8220; border_width_all=&#8220;0px&#8220; global_colors_info=&#8220;{}&#8220; sticky_transition=&#8220;on&#8220;][\/et_pb_pricing_table][et_pb_pricing_table title=&#8220;Vor Ort&#8220; subtitle=&#8220;m&#8220; per=&#8220;Tag&#8220; sum=&#8220;1250 \u20ac&#8220; header_background_color=&#8220;#41545c&#8220; _builder_version=&#8220;4.22.1&#8243; _module_preset=&#8220;default&#8220; price_text_color=&#8220;#3F3F3F&#8220; header_font_size=&#8220;24px&#8220; subheader_text_color=&#8220;#41545c&#8220; subheader_font_size=&#8220;20px&#8220; price_font_size=&#8220;30px&#8220; currency_frequency_text_color=&#8220;#3F3F3F&#8220; currency_frequency_font_size=&#8220;30px&#8220; body_font_size_tablet=&#8220;&#8220; body_font_size_phone=&#8220;16px&#8220; body_font_size_last_edited=&#8220;on|phone&#8220; price_font_size_tablet=&#8220;30px&#8220; price_font_size_phone=&#8220;26px&#8220; price_font_size_last_edited=&#8220;on|phone&#8220; currency_frequency_font_size_tablet=&#8220;30px&#8220; currency_frequency_font_size_phone=&#8220;26px&#8220; currency_frequency_font_size_last_edited=&#8220;on|phone&#8220; border_width_all=&#8220;0px&#8220; global_colors_info=&#8220;{}&#8220; sticky_transition=&#8220;on&#8220;]<\/p>\n<p>6 volle Stunden plus Pausen<br \/>Reisekosten werden separat abgerechnet<\/p>\n<p>[\/et_pb_pricing_table][\/et_pb_pricing_tables][\/et_pb_column][\/et_pb_row][et_pb_row custom_padding_last_edited=&#8220;on|desktop&#8220; _builder_version=&#8220;4.23.1&#8243; _module_preset=&#8220;default&#8220; width=&#8220;100%&#8220; custom_margin=&#8220;0px||0px||false|false&#8220; custom_padding=&#8220;0px|0px|60px|0px|false|false&#8220; custom_padding_tablet=&#8220;0px|20px|50px|20px|false|true&#8220; custom_padding_phone=&#8220;0px|20px|50px|20px|false|true&#8220; global_colors_info=&#8220;{}&#8220;][et_pb_column type=&#8220;4_4&#8243; _builder_version=&#8220;4.21.2&#8243; _module_preset=&#8220;default&#8220; global_colors_info=&#8220;{}&#8220;][et_pb_text _builder_version=&#8220;4.23.1&#8243; _module_preset=&#8220;default&#8220; header_2_font=&#8220;Roboto_zaac_Standard||||||||&#8220; header_2_font_size=&#8220;35px&#8220; custom_margin=&#8220;||0px||false|false&#8220; custom_padding=&#8220;||0px||false|false&#8220; hover_enabled=&#8220;0&#8243; text_font_size_tablet=&#8220;&#8220; text_font_size_phone=&#8220;16px&#8220; text_font_size_last_edited=&#8220;on|desktop&#8220; text_line_height_tablet=&#8220;&#8220; text_line_height_phone=&#8220;1.4em&#8220; text_line_height_last_edited=&#8220;on|phone&#8220; header_2_font_size_tablet=&#8220;35px&#8220; header_2_font_size_phone=&#8220;26px&#8220; header_2_font_size_last_edited=&#8220;on|phone&#8220; global_colors_info=&#8220;{}&#8220; text_line_height=&#8220;1.6em&#8220; sticky_enabled=&#8220;0&#8243;]<\/p>\n<p class=\"p1\">Alle Preise verstehen sich zuz\u00fcglich der gesetzlichen Mehrwertsteuer. Vorbereitungszeiten des Trainers sind enthalten.<\/p>\n<p class=\"p1\">F\u00fcr ein unverbindliches Angebot und sonstige Anfragen nutzen Sie bitte das <a href=\"https:\/\/zaac.de\/kontakt\/\" target=\"_blank\" rel=\"noopener\" title=\"Kontaktformular\">Kontaktformular<\/a>, senden eine E-Mail an <span id=\"eeb-968085-629559\"><\/span><script type=\"text\/javascript\">(function() {var ml=\".nleDbaz4ocs0A2tfFh%kmiE_Cg3rd-\",mi=\"CKI6C><BL3@CK4C>>E6F2?9CK=73L@6;;C8<766:0M3C>>C><?6LJ3?CK4C>>H5261DC>>C><:26;;CK4C>>E6F2N2F1DC>>CKG73L@6;;C8<766:0M3CKIC>A6CKG\",o=\"\";for(var j=0,l=mi.length;j<l;j++) {o+=ml.charAt(mi.charCodeAt(j)-48);}document.getElementById(\"eeb-968085-629559\").innerHTML = decodeURIComponent(o);}());<\/script><noscript>*protected email*<\/noscript> oder kontaktieren Sie mich telefonisch unter <span id=\"eeb-708120-304447\"><\/span><script type=\"text\/javascript\">(function() {var ml=\"2B%0789614\",mi=\"201962038432038544674\",o=\"\";for(var j=0,l=mi.length;j<l;j++) {o+=ml.charAt(mi.charCodeAt(j)-48);}document.getElementById(\"eeb-708120-304447\").innerHTML = decodeURIComponent(o);}());<\/script><noscript>*protected email*<\/noscript>.<\/p>\n<p>[\/et_pb_text][\/et_pb_column][\/et_pb_row][\/et_pb_section]<\/p>\n","protected":false},"excerpt":{"rendered":"<p>StartTrainingTrainingsformate: Online-Sitzungen f\u00fcr Einzelpersonen und Gruppen Schulungstage bei Ihnen vor Ort Inhalte: Individuell zusammengestellte Liste von Themen nach Ihren Vorgaben, W\u00fcnschen und Priorit\u00e4ten.F\u00fcr Einsteiger, erfahrene Nutzer und zur Weiterbildung im Bereich Language Engineering (technisches Projektmanagement) und Troubleshooting\/Support.Beispiele: Details zu Dateiformaten, Dateivorbereitung und Importeinstellungen f\u00fcr Language Engineers \/ technische Projektmanager Umgang mit XML-Dateien und textbasierten Formaten [&hellip;]<\/p>\n","protected":false},"author":1,"featured_media":0,"parent":0,"menu_order":0,"comment_status":"closed","ping_status":"closed","template":"","meta":{"_et_pb_use_builder":"on","_et_pb_old_content":"","_et_gb_content_width":"","footnotes":""},"class_list":["post-14","page","type-page","status-publish","hentry"],"_links":{"self":[{"href":"https:\/\/zaac.de\/en\/wp-json\/wp\/v2\/pages\/14","targetHints":{"allow":["GET"]}}],"collection":[{"href":"https:\/\/zaac.de\/en\/wp-json\/wp\/v2\/pages"}],"about":[{"href":"https:\/\/zaac.de\/en\/wp-json\/wp\/v2\/types\/page"}],"author":[{"embeddable":true,"href":"https:\/\/zaac.de\/en\/wp-json\/wp\/v2\/users\/1"}],"replies":[{"embeddable":true,"href":"https:\/\/zaac.de\/en\/wp-json\/wp\/v2\/comments?post=14"}],"version-history":[{"count":18,"href":"https:\/\/zaac.de\/en\/wp-json\/wp\/v2\/pages\/14\/revisions"}],"predecessor-version":[{"id":2143,"href":"https:\/\/zaac.de\/en\/wp-json\/wp\/v2\/pages\/14\/revisions\/2143"}],"wp:attachment":[{"href":"https:\/\/zaac.de\/en\/wp-json\/wp\/v2\/media?parent=14"}],"curies":[{"name":"wp","href":"https:\/\/api.w.org\/{rel}","templated":true}]}}