{"id":16,"date":"2023-08-07T13:35:30","date_gmt":"2023-08-07T11:35:30","guid":{"rendered":"https:\/\/website-relaunch.zaac.de\/?page_id=16"},"modified":"2023-12-01T12:51:22","modified_gmt":"2023-12-01T11:51:22","slug":"coaching","status":"publish","type":"page","link":"https:\/\/zaac.de\/en\/coaching\/","title":{"rendered":"Coaching"},"content":{"rendered":"<p>[et_pb_section fb_built=&#8220;1&#8243; disabled_on=&#8220;off|off|off&#8220; admin_label=&#8220;Buntes_Men\u00fc&#8220; _builder_version=&#8220;4.22.2&#8243; _module_preset=&#8220;default&#8220; custom_margin=&#8220;0px||0px||false|false&#8220; custom_padding=&#8220;0px||0px||false|false&#8220; collapsed=&#8220;off&#8220; global_colors_info=&#8220;{}&#8220;][et_pb_row use_custom_gutter=&#8220;on&#8220; gutter_width=&#8220;1&#8243; make_equal=&#8220;on&#8220; admin_label=&#8220;Zeile&#8220; _builder_version=&#8220;4.22.2&#8243; _module_preset=&#8220;default&#8220; width_tablet=&#8220;90%&#8220; width_phone=&#8220;&#8220; width_last_edited=&#8220;on|tablet&#8220; custom_margin=&#8220;0px||0px||false|false&#8220; custom_padding=&#8220;0px|0px|0px|0px|false|false&#8220; global_colors_info=&#8220;{}&#8220;][et_pb_column type=&#8220;4_4&#8243; _builder_version=&#8220;4.22.1&#8243; _module_preset=&#8220;default&#8220; custom_padding=&#8220;0px|0px|0px|0px|false|false&#8220; global_colors_info=&#8220;{}&#8220;][et_pb_text _builder_version=&#8220;4.22.1&#8243; _dynamic_attributes=&#8220;link_option_url&#8220; _module_preset=&#8220;default&#8220; text_font=&#8220;|600|||||||&#8220; text_font_size=&#8220;15px&#8220; background_color=&#8220;#41545c&#8220; text_orientation=&#8220;center&#8220; background_layout=&#8220;dark&#8220; max_width=&#8220;166px&#8220; custom_margin=&#8220;8px||||false|false&#8220; custom_padding=&#8220;5px||5px||true|false&#8220; link_option_url=&#8220;@ET-DC@eyJkeW5hbWljIjp0cnVlLCJjb250ZW50IjoiaG9tZV91cmwiLCJzZXR0aW5ncyI6e319@&#8220; border_width_all=&#8220;2px&#8220; global_colors_info=&#8220;{}&#8220;]<\/p>\n<p>Start<\/p>\n<p>[\/et_pb_text][et_pb_menu menu_id=&#8220;2&#8243; active_link_color=&#8220;#ED9206&#8243; module_class=&#8220;lwp-hide-mobile-menu&#8220; _builder_version=&#8220;4.22.2&#8243; _module_preset=&#8220;default&#8220; menu_font=&#8220;|600|||||||&#8220; menu_font_size=&#8220;15px&#8220; background_layout=&#8220;dark&#8220; custom_margin=&#8220;0px|0px|0px|0px|false|false&#8220; custom_padding=&#8220;0px|0px|0px|0px|false|false&#8220; custom_css_active_menu_link=&#8220;font-size: 23px;&#8220; global_colors_info=&#8220;{}&#8220;][\/et_pb_menu][\/et_pb_column][\/et_pb_row][\/et_pb_section][et_pb_section fb_built=&#8220;1&#8243; custom_padding_last_edited=&#8220;on|phone&#8220; _builder_version=&#8220;4.22.1&#8243; _module_preset=&#8220;default&#8220; custom_margin=&#8220;0px||0px||false|false&#8220; custom_padding=&#8220;40px||50px||false|false&#8220; custom_padding_tablet=&#8220;40px||50px||false|false&#8220; custom_padding_phone=&#8220;20px||40px||false|false&#8220; global_colors_info=&#8220;{}&#8220;][et_pb_row _builder_version=&#8220;4.23.1&#8243; _module_preset=&#8220;default&#8220; width_tablet=&#8220;&#8220; width_phone=&#8220;90%&#8220; width_last_edited=&#8220;on|phone&#8220; custom_padding=&#8220;0px||0px||false|false&#8220; hover_enabled=&#8220;0&#8243; global_colors_info=&#8220;{}&#8220; sticky_enabled=&#8220;0&#8243;][et_pb_column type=&#8220;4_4&#8243; _builder_version=&#8220;4.21.2&#8243; _module_preset=&#8220;default&#8220; global_colors_info=&#8220;{}&#8220;][et_pb_text _builder_version=&#8220;4.23.1&#8243; _module_preset=&#8220;default&#8220; header_font=&#8220;|600|||||||&#8220; header_font_size=&#8220;50px&#8220; header_letter_spacing=&#8220;1px&#8220; custom_margin=&#8220;||14px|||&#8220; custom_margin_tablet=&#8220;||14px|||&#8220; custom_margin_phone=&#8220;||0px||false|false&#8220; custom_margin_last_edited=&#8220;on|phone&#8220; hover_enabled=&#8220;0&#8243; header_font_size_tablet=&#8220;50px&#8220; header_font_size_phone=&#8220;36px&#8220; header_font_size_last_edited=&#8220;on|phone&#8220; global_colors_info=&#8220;{}&#8220; sticky_enabled=&#8220;0&#8243;]<\/p>\n<h1 style=\"text-align: center;\">Coaching<\/h1>\n<p>[\/et_pb_text][et_pb_text _builder_version=&#8220;4.23.1&#8243; _module_preset=&#8220;default&#8220; header_2_font=&#8220;Roboto_zaac_Standard||||||||&#8220; header_2_font_size=&#8220;35px&#8220; hover_enabled=&#8220;0&#8243; text_font_size_tablet=&#8220;&#8220; text_font_size_phone=&#8220;16px&#8220; text_font_size_last_edited=&#8220;on|phone&#8220; text_line_height_tablet=&#8220;&#8220; text_line_height_phone=&#8220;1.4em&#8220; text_line_height_last_edited=&#8220;on|phone&#8220; global_colors_info=&#8220;{}&#8220; text_line_height=&#8220;1.6em&#8220; sticky_enabled=&#8220;0&#8243;]<\/p>\n<p><span data-contrast=\"auto\">Beim <\/span><b><span data-contrast=\"auto\">Coaching bearbeiten wir Ihre laufenden Projekte gemeinsam<\/span><\/b><span data-contrast=\"auto\">. Sie teilen Ihren Bildschirm \u00fcber eine Online-Sitzung und wir schauen uns gezielt die Funktionen, Schritte oder Prozess an, bei denen Unklarheiten oder Fragen bestehen.<\/span><span data-ccp-props=\"{&quot;201341983&quot;:0,&quot;335559739&quot;:160,&quot;335559740&quot;:259}\">\u00a0<\/span><span data-contrast=\"auto\"><\/span><\/p>\n<p>[\/et_pb_text][et_pb_image src=&#8220;https:\/\/zaac.de\/wp-content\/uploads\/2023\/10\/zoom-meeting_DE.png&#8220; alt=&#8220;Bildschirm teilen Coaching&#8220; title_text=&#8220;Bildschirm teilen Coaching&#8220; _builder_version=&#8220;4.23.1&#8243; _module_preset=&#8220;default&#8220; hover_enabled=&#8220;0&#8243; global_colors_info=&#8220;{}&#8220; sticky_enabled=&#8220;0&#8243;][\/et_pb_image][et_pb_text _builder_version=&#8220;4.23.1&#8243; _module_preset=&#8220;default&#8220; header_2_font=&#8220;Roboto_zaac_Standard||||||||&#8220; header_2_font_size=&#8220;35px&#8220; hover_enabled=&#8220;0&#8243; text_font_size_tablet=&#8220;&#8220; text_font_size_phone=&#8220;16px&#8220; text_font_size_last_edited=&#8220;on|phone&#8220; text_line_height_tablet=&#8220;&#8220; text_line_height_phone=&#8220;1.4em&#8220; text_line_height_last_edited=&#8220;on|phone&#8220; global_colors_info=&#8220;{}&#8220; text_line_height=&#8220;1.6em&#8220; sticky_enabled=&#8220;0&#8243; custom_margin=&#8220;0px||||false|false&#8220; custom_padding=&#8220;0px||||false|false&#8220;]<\/p>\n<p><span data-contrast=\"auto\">Coaching eignet sich f\u00fcr die Ein\u00fcbung von Funktionen und Prozessen, die bisher wenig verwendet wurden oder die nur selten ben\u00f6tigt werden. Es wird vorausgesetzt, dass Sie grundlegende Kenntnisse des Programms bereits besitzen. Falls nicht, w\u00e4re eine Trainingseinheit eventuell besser geeignet.<\/span><span data-ccp-props=\"{&quot;201341983&quot;:0,&quot;335559739&quot;:160,&quot;335559740&quot;:259}\">\u00a0<\/span><\/p>\n<p>[\/et_pb_text][\/et_pb_column][\/et_pb_row][et_pb_row _builder_version=&#8220;4.23.1&#8243; _module_preset=&#8220;default&#8220; width_tablet=&#8220;&#8220; width_phone=&#8220;90%&#8220; width_last_edited=&#8220;on|phone&#8220; custom_margin=&#8220;|auto||auto|false|false&#8220; custom_padding=&#8220;20px||0px||false|false&#8220; hover_enabled=&#8220;0&#8243; global_colors_info=&#8220;{}&#8220; sticky_enabled=&#8220;0&#8243;][et_pb_column type=&#8220;4_4&#8243; _builder_version=&#8220;4.21.2&#8243; _module_preset=&#8220;default&#8220; global_colors_info=&#8220;{}&#8220;][et_pb_text _builder_version=&#8220;4.23.1&#8243; _module_preset=&#8220;default&#8220; header_2_font=&#8220;||||||||&#8220; header_2_font_size=&#8220;33px&#8220; hover_enabled=&#8220;0&#8243; text_font_size_tablet=&#8220;&#8220; text_font_size_phone=&#8220;16px&#8220; text_font_size_last_edited=&#8220;on|phone&#8220; text_line_height_tablet=&#8220;&#8220; text_line_height_phone=&#8220;1.4em&#8220; text_line_height_last_edited=&#8220;on|phone&#8220; global_colors_info=&#8220;{}&#8220; sticky_enabled=&#8220;0&#8243; header_2_font_size_last_edited=&#8220;on|phone&#8220; header_2_font_size_phone=&#8220;26px&#8220; header_2_font_size_tablet=&#8220;33px&#8220;]<\/p>\n<h2 class=\"p1\">Beispiele:<strong><\/strong><\/h2>\n<ul class=\"ul1\">\n<li data-leveltext=\"\uf0b7\" data-font=\"Symbol\" data-listid=\"3\" data-list-defn-props=\"{&quot;335552541&quot;:1,&quot;335559684&quot;:-2,&quot;335559685&quot;:720,&quot;335559991&quot;:360,&quot;469769226&quot;:&quot;Symbol&quot;,&quot;469769242&quot;:[8226],&quot;469777803&quot;:&quot;left&quot;,&quot;469777804&quot;:&quot;\uf0b7&quot;,&quot;469777815&quot;:&quot;hybridMultilevel&quot;}\" aria-setsize=\"-1\" data-aria-posinset=\"1\" data-aria-level=\"1\"><span data-contrast=\"auto\">Optimierung von bestehenden Abl\u00e4ufen, indem wir Schritt f\u00fcr Schritt kl\u00e4ren, welche Auswirkungen bestimmte Einstellungen haben und was die beste Option f\u00fcr Ihre aktuelle Situation w\u00e4re.<span data-ccp-props=\"{&quot;201341983&quot;:0,&quot;335559739&quot;:160,&quot;335559740&quot;:259}\">\u00a0<\/span><\/span><\/li>\n<li data-leveltext=\"\uf0b7\" data-font=\"Symbol\" data-listid=\"3\" data-list-defn-props=\"{&quot;335552541&quot;:1,&quot;335559684&quot;:-2,&quot;335559685&quot;:720,&quot;335559991&quot;:360,&quot;469769226&quot;:&quot;Symbol&quot;,&quot;469769242&quot;:[8226],&quot;469777803&quot;:&quot;left&quot;,&quot;469777804&quot;:&quot;\uf0b7&quot;,&quot;469777815&quot;:&quot;hybridMultilevel&quot;}\" aria-setsize=\"-1\" data-aria-posinset=\"2\" data-aria-level=\"1\"><span data-contrast=\"auto\"><span>Anlegen von Projekten mit Paketerstellung, wenn bisher nur mit Standardprojekten gearbeitet wurde.<\/span><\/span><span data-ccp-props=\"{&quot;201341983&quot;:0,&quot;335559739&quot;:160,&quot;335559740&quot;:259}\">\u00a0<\/span><\/li>\n<li data-leveltext=\"\uf0b7\" data-font=\"Symbol\" data-listid=\"3\" data-list-defn-props=\"{&quot;335552541&quot;:1,&quot;335559684&quot;:-2,&quot;335559685&quot;:720,&quot;335559991&quot;:360,&quot;469769226&quot;:&quot;Symbol&quot;,&quot;469769242&quot;:[8226],&quot;469777803&quot;:&quot;left&quot;,&quot;469777804&quot;:&quot;\uf0b7&quot;,&quot;469777815&quot;:&quot;hybridMultilevel&quot;}\" aria-setsize=\"-1\" data-aria-posinset=\"3\" data-aria-level=\"1\"><span data-contrast=\"auto\"><span>Gemeinsames <\/span>Erstellen von regul\u00e4ren Ausdr\u00fccken, um bestimmte Textteile in Tags zu konvertieren.<\/span><span data-ccp-props=\"{&quot;201341983&quot;:0,&quot;335559739&quot;:160,&quot;335559740&quot;:259}\">\u00a0<\/span><span class=\"s1\"><\/span><\/li>\n<\/ul>\n<p>[\/et_pb_text][\/et_pb_column][\/et_pb_row][et_pb_row _builder_version=&#8220;4.23.1&#8243; _module_preset=&#8220;default&#8220; width_tablet=&#8220;&#8220; width_phone=&#8220;90%&#8220; width_last_edited=&#8220;on|phone&#8220; custom_padding=&#8220;10px||20px||false|false&#8220; hover_enabled=&#8220;0&#8243; global_colors_info=&#8220;{}&#8220; sticky_enabled=&#8220;0&#8243;][et_pb_column type=&#8220;4_4&#8243; _builder_version=&#8220;4.22.1&#8243; _module_preset=&#8220;default&#8220; global_colors_info=&#8220;{}&#8220;][et_pb_text _builder_version=&#8220;4.23.1&#8243; _module_preset=&#8220;default&#8220; header_2_font=&#8220;||||||||&#8220; header_2_font_size=&#8220;33px&#8220; hover_enabled=&#8220;0&#8243; text_font_size_tablet=&#8220;&#8220; text_font_size_phone=&#8220;16px&#8220; text_font_size_last_edited=&#8220;on|phone&#8220; text_line_height_tablet=&#8220;&#8220; text_line_height_phone=&#8220;1.4em&#8220; text_line_height_last_edited=&#8220;on|phone&#8220; header_4_font_size_tablet=&#8220;&#8220; header_4_font_size_phone=&#8220;23px&#8220; header_4_font_size_last_edited=&#8220;on|phone&#8220; global_colors_info=&#8220;{}&#8220; sticky_enabled=&#8220;0&#8243; text_line_height=&#8220;1.6em&#8220; custom_padding=&#8220;0px||0px||false|false&#8220; custom_margin=&#8220;0px||0px||false|false&#8220; header_2_font_size_last_edited=&#8220;on|phone&#8220; header_2_font_size_phone=&#8220;26px&#8220; header_2_font_size_tablet=&#8220;33px&#8220;]<\/p>\n<h2>Vorteil:<\/h2>\n<p><span data-contrast=\"auto\">Ich helfe Ihnen, passende und korrekte Einstellungen direkt in Ihren Projekten vorzunehmen, sodass Sie diese sofort nutzen k\u00f6nnen.<\/span><span data-contrast=\"auto\"><\/span><\/p>\n<h2>Online-Sitzung:<\/h2>\n<p>Die Online-Sitzungen k\u00f6nnen von mir auf Zoom angelegt werden oder Sie erstellen die Sitzung selbst auf dem Portal Ihrer Wahl (Teams, Google Hangouts, Webex, GotoMeeting\u2026).<\/p>\n<p>Bei Bedarf k\u00f6nnen wir die Sitzung auch aufzeichnen.<\/p>\n<p>[\/et_pb_text][\/et_pb_column][\/et_pb_row][et_pb_row custom_padding_last_edited=&#8220;on|phone&#8220; _builder_version=&#8220;4.23.1&#8243; _module_preset=&#8220;default&#8220; width_tablet=&#8220;&#8220; width_phone=&#8220;90%&#8220; width_last_edited=&#8220;on|phone&#8220; custom_padding=&#8220;0px||||false|false&#8220; custom_padding_tablet=&#8220;0px||||false|false&#8220; custom_padding_phone=&#8220;0px||||false|false&#8220; hover_enabled=&#8220;0&#8243; global_colors_info=&#8220;{}&#8220; sticky_enabled=&#8220;0&#8243;][et_pb_column type=&#8220;4_4&#8243; _builder_version=&#8220;4.22.1&#8243; _module_preset=&#8220;default&#8220; global_colors_info=&#8220;{}&#8220;][et_pb_text _builder_version=&#8220;4.23.1&#8243; _module_preset=&#8220;default&#8220; header_2_font=&#8220;||||||||&#8220; header_2_font_size=&#8220;33px&#8220; custom_margin=&#8220;||15px|||&#8220; hover_enabled=&#8220;0&#8243; header_2_font_size_tablet=&#8220;35px&#8220; header_2_font_size_phone=&#8220;26px&#8220; header_2_font_size_last_edited=&#8220;on|phone&#8220; global_colors_info=&#8220;{}&#8220; sticky_enabled=&#8220;0&#8243;]<\/p>\n<h2 class=\"p1\">Preise:<\/h2>\n<p>[\/et_pb_text][et_pb_pricing_tables show_bullet=&#8220;off&#8220; featured_table_bullet_color=&#8220;#3F3F3F&#8220; show_featured_drop_shadow=&#8220;off&#8220; _builder_version=&#8220;4.23.1&#8243; _module_preset=&#8220;default&#8220; header_level=&#8220;h3&#8243; header_text_align=&#8220;center&#8220; header_font_size=&#8220;22px&#8220; body_text_align=&#8220;center&#8220; subheader_font=&#8220;||||||||&#8220; subheader_text_align=&#8220;center&#8220; subheader_font_size=&#8220;18px&#8220; subheader_letter_spacing=&#8220;1px&#8220; price_text_align=&#8220;center&#8220; price_font_size=&#8220;55px&#8220; excluded_text_align=&#8220;center&#8220; background_color=&#8220;#FFFFFF&#8220; button_alignment=&#8220;center&#8220; text_orientation=&#8220;center&#8220; module_alignment=&#8220;center&#8220; height=&#8220;157px&#8220; custom_margin=&#8220;||||false|false&#8220; custom_padding_tablet=&#8220;&#8220; custom_padding_phone=&#8220;10px||10px||true|false&#8220; custom_padding_last_edited=&#8220;on|phone&#8220; hover_enabled=&#8220;0&#8243; custom_css_pricing_content=&#8220;.et_pb_pricing li {||  padding-left: 60px;||  padding-bottom: 10px;||}&#8220; global_colors_info=&#8220;{}&#8220; sticky_enabled=&#8220;0&#8243;][et_pb_pricing_table title=&#8220;Coaching-Stunde&#8220; subtitle=&#8220;Online&#8220; per=&#8220;Std.&#8220; sum=&#8220;80 \u20ac&#8220; header_background_color=&#8220;#41545c&#8220; _builder_version=&#8220;4.22.1&#8243; _module_preset=&#8220;default&#8220; price_text_color=&#8220;#3F3F3F&#8220; header_text_align=&#8220;center&#8220; header_font_size=&#8220;24px&#8220; body_text_align=&#8220;center&#8220; subheader_text_align=&#8220;center&#8220; subheader_font_size=&#8220;20px&#8220; price_text_align=&#8220;center&#8220; price_font_size=&#8220;30px&#8220; currency_frequency_text_color=&#8220;#3F3F3F&#8220; currency_frequency_font_size=&#8220;30px&#8220; excluded_text_align=&#8220;center&#8220; text_orientation=&#8220;center&#8220; custom_padding=&#8220;||||false|false&#8220; price_font_size_tablet=&#8220;30px&#8220; price_font_size_phone=&#8220;26px&#8220; price_font_size_last_edited=&#8220;on|phone&#8220; currency_frequency_font_size_tablet=&#8220;30px&#8220; currency_frequency_font_size_phone=&#8220;26px&#8220; currency_frequency_font_size_last_edited=&#8220;on|phone&#8220; border_width_all=&#8220;0px&#8220; global_colors_info=&#8220;{}&#8220; sticky_transition=&#8220;on&#8220;][\/et_pb_pricing_table][\/et_pb_pricing_tables][et_pb_text _builder_version=&#8220;4.23.1&#8243; _module_preset=&#8220;default&#8220; custom_margin_tablet=&#8220;&#8220; custom_margin_phone=&#8220;-30px||0px||false|false&#8220; custom_margin_last_edited=&#8220;on|phone&#8220; hover_enabled=&#8220;0&#8243; text_font_size_tablet=&#8220;&#8220; text_font_size_phone=&#8220;16px&#8220; text_font_size_last_edited=&#8220;on|phone&#8220; text_line_height_tablet=&#8220;&#8220; text_line_height_phone=&#8220;1.4em&#8220; text_line_height_last_edited=&#8220;on|phone&#8220; global_colors_info=&#8220;{}&#8220; sticky_enabled=&#8220;0&#8243;]Abgerechnet wird nach tats\u00e4chlich verwendeter Zeit. Alle Preise verstehen sich zuz\u00fcglich der gesetzlichen Mehrwertsteuer.[\/et_pb_text][\/et_pb_column][\/et_pb_row][et_pb_row custom_padding_last_edited=&#8220;off|desktop&#8220; _builder_version=&#8220;4.22.1&#8243; _module_preset=&#8220;default&#8220; width_tablet=&#8220;&#8220; width_phone=&#8220;90%&#8220; width_last_edited=&#8220;on|phone&#8220; custom_padding=&#8220;0px||0px||false|false&#8220; global_colors_info=&#8220;{}&#8220;][et_pb_column type=&#8220;4_4&#8243; _builder_version=&#8220;4.21.2&#8243; _module_preset=&#8220;default&#8220; global_colors_info=&#8220;{}&#8220;][et_pb_text _builder_version=&#8220;4.23.1&#8243; _module_preset=&#8220;default&#8220; hover_enabled=&#8220;0&#8243; text_font_size_tablet=&#8220;&#8220; text_font_size_phone=&#8220;16px&#8220; text_font_size_last_edited=&#8220;on|phone&#8220; text_line_height_tablet=&#8220;&#8220; text_line_height_phone=&#8220;1.4em&#8220; text_line_height_last_edited=&#8220;on|phone&#8220; global_colors_info=&#8220;{}&#8220; sticky_enabled=&#8220;0&#8243; text_line_height=&#8220;1.6em&#8220;]<\/p>\n<p class=\"p1\">F\u00fcr ein unverbindliches Angebot und sonstige Anfragen nutzen Sie bitte das <a href=\"https:\/\/zaac.de\/kontakt\/\" target=\"_blank\" rel=\"noopener\" title=\"Kontaktformular\">Kontaktformular<\/a>, senden eine E-Mail an <span id=\"eeb-883119-73591\"><\/span><script type=\"text\/javascript\">(function() {var ml=\"kFstdlf2amozrg4%C.-h0DAb3ien_cE\",mi=\"?H@8?7DC<J6?HE?7798I53:?HF;J<6822?>D;88MA4J?77?7D38<=J3?HE?77LG58K0?77?7DM5822?HE?7798I5B5IK0?77?HN;J<6822?>D;88MA4J?H@?718?HN\",o=\"\";for(var j=0,l=mi.length;j<l;j++) {o+=ml.charAt(mi.charCodeAt(j)-48);}document.getElementById(\"eeb-883119-73591\").innerHTML = decodeURIComponent(o);}());<\/script><noscript>*protected email*<\/noscript> oder kontaktieren Sie mich telefonisch unter <span id=\"eeb-288807-771875\"><\/span><script type=\"text\/javascript\">(function() {var ml=\"19%40B6782\",mi=\"295312940742940877167\",o=\"\";for(var j=0,l=mi.length;j<l;j++) {o+=ml.charAt(mi.charCodeAt(j)-48);}document.getElementById(\"eeb-288807-771875\").innerHTML = decodeURIComponent(o);}());<\/script><noscript>*protected email*<\/noscript>.<\/p>\n<p>[\/et_pb_text][\/et_pb_column][\/et_pb_row][\/et_pb_section]<\/p>\n","protected":false},"excerpt":{"rendered":"<p>StartCoachingBeim Coaching bearbeiten wir Ihre laufenden Projekte gemeinsam. Sie teilen Ihren Bildschirm \u00fcber eine Online-Sitzung und wir schauen uns gezielt die Funktionen, Schritte oder Prozess an, bei denen Unklarheiten oder Fragen bestehen.\u00a0Coaching eignet sich f\u00fcr die Ein\u00fcbung von Funktionen und Prozessen, die bisher wenig verwendet wurden oder die nur selten ben\u00f6tigt werden. Es wird vorausgesetzt, [&hellip;]<\/p>\n","protected":false},"author":1,"featured_media":0,"parent":0,"menu_order":0,"comment_status":"closed","ping_status":"closed","template":"","meta":{"_et_pb_use_builder":"on","_et_pb_old_content":"","_et_gb_content_width":"","footnotes":""},"class_list":["post-16","page","type-page","status-publish","hentry"],"_links":{"self":[{"href":"https:\/\/zaac.de\/en\/wp-json\/wp\/v2\/pages\/16","targetHints":{"allow":["GET"]}}],"collection":[{"href":"https:\/\/zaac.de\/en\/wp-json\/wp\/v2\/pages"}],"about":[{"href":"https:\/\/zaac.de\/en\/wp-json\/wp\/v2\/types\/page"}],"author":[{"embeddable":true,"href":"https:\/\/zaac.de\/en\/wp-json\/wp\/v2\/users\/1"}],"replies":[{"embeddable":true,"href":"https:\/\/zaac.de\/en\/wp-json\/wp\/v2\/comments?post=16"}],"version-history":[{"count":10,"href":"https:\/\/zaac.de\/en\/wp-json\/wp\/v2\/pages\/16\/revisions"}],"predecessor-version":[{"id":2154,"href":"https:\/\/zaac.de\/en\/wp-json\/wp\/v2\/pages\/16\/revisions\/2154"}],"wp:attachment":[{"href":"https:\/\/zaac.de\/en\/wp-json\/wp\/v2\/media?parent=16"}],"curies":[{"name":"wp","href":"https:\/\/api.w.org\/{rel}","templated":true}]}}